{"id":1635,"date":"2025-10-31T16:07:06","date_gmt":"2025-10-31T16:07:06","guid":{"rendered":"https:\/\/palazzobrenzoni.it\/?page_id=1635"},"modified":"2025-12-12T10:05:31","modified_gmt":"2025-12-12T10:05:31","slug":"geschichte","status":"publish","type":"page","link":"https:\/\/palazzobrenzoni.it\/de\/storia\/","title":{"rendered":"Storia"},"content":{"rendered":"<section class=\"bde-section-1635-100 bde-section\">\n              \n  \n  \n\t\n\n  <div class=\"section-background-overlay\"><\/div>\n\n\n<div class=\"section-container\"><h1 class=\"bde-heading-1635-101 bde-heading\">\nDie Geschichte des Palazzo Brenzoni\n<\/h1><\/div>\n<\/section><section id=\"scroll\" class=\"bde-section-1635-102 bde-section\">\n  \n  \n\t\n\n\n\n<div class=\"section-container\"><div class=\"bde-columns-1635-103 bde-columns\"><div class=\"bde-column-1635-104 bde-column\">\n  \n  \n\t\n\n\n\n<div class=\"bde-text-1635-105 bde-text\">\n\n<\/div><h3 class=\"bde-heading-1635-106 bde-heading\">\nDie Geschichte des Geb\u00e4udes<br>\n<\/h3><div class=\"bde-text-1635-107 bde-text\" data-entrance=\"fade\">\nDie Geschichte des Palazzo Brenzoni ist Teil des reichhaltigen Panoramas des Veroneser Wohnungsbaus des sp\u00e4ten Mittelalters und der fr\u00fchen Renaissance. Seine Urspr\u00fcnge scheinen auf das 14. Jahrhundert zur\u00fcckzugehen, als die ersten Strukturen, die sich bis zum heutigen Geb\u00e4ude zur\u00fcckverfolgen lassen, im Bereich der Via Duomo standen.<br><br>Die erste urkundliche Erw\u00e4hnung stammt aus dem Jahr 1755, als der Palast als Eigentum von Santo Pizzardini erw\u00e4hnt wird. Einige Jahrzehnte sp\u00e4ter, im Jahr 1789, wurde das Geb\u00e4ude von dem Adligen Agostino Vincenzo di Brenzone erworben: Dies war der Beginn der st\u00e4ndigen Anwesenheit der Familie Brenzoni, die das Geb\u00e4ude in den folgenden Jahrzehnten entscheidend im sp\u00e4tgotischen Stil renovierte.\n<\/div><img data-opt-id=278553170  fetchpriority=\"high\" decoding=\"async\" class=\"bde-image2-1635-108 bde-image2\" src=\"https:\/\/mlbn7phfehel.i.optimole.com\/cb:3E4p.555\/w:auto\/h:auto\/q:mauto\/f:best\/https:\/\/palazzobrenzoni.it\/wp-content\/uploads\/2025\/10\/Residence-Duomo-024.webp\" loading=\"lazy\" srcset=\"https:\/\/mlbn7phfehel.i.optimole.com\/cb:3E4p.555\/w:auto\/h:auto\/q:mauto\/f:best\/https:\/\/palazzobrenzoni.it\/wp-content\/uploads\/2025\/10\/Residence-Duomo-024.webp 1280w, https:\/\/mlbn7phfehel.i.optimole.com\/cb:3E4p.555\/w:200\/h:300\/q:mauto\/f:best\/https:\/\/palazzobrenzoni.it\/wp-content\/uploads\/2025\/10\/Residence-Duomo-024.webp 200w, https:\/\/mlbn7phfehel.i.optimole.com\/cb:3E4p.555\/w:683\/h:1024\/q:mauto\/f:best\/https:\/\/palazzobrenzoni.it\/wp-content\/uploads\/2025\/10\/Residence-Duomo-024.webp 683w, https:\/\/mlbn7phfehel.i.optimole.com\/cb:3E4p.555\/w:768\/h:1152\/q:mauto\/f:best\/https:\/\/palazzobrenzoni.it\/wp-content\/uploads\/2025\/10\/Residence-Duomo-024.webp 768w, https:\/\/mlbn7phfehel.i.optimole.com\/cb:3E4p.555\/w:1024\/h:1536\/q:mauto\/f:best\/https:\/\/palazzobrenzoni.it\/wp-content\/uploads\/2025\/10\/Residence-Duomo-024.webp 1024w, https:\/\/mlbn7phfehel.i.optimole.com\/cb:3E4p.555\/w:8\/h:12\/q:mauto\/f:best\/dpr:2\/https:\/\/palazzobrenzoni.it\/wp-content\/uploads\/2025\/10\/Residence-Duomo-024.webp 8w\" sizes=\"(max-width: 1280px) 100vw, 1280px\">\n<\/div><div class=\"bde-column-1635-109 bde-column\">\n  \n  \n\t\n\n\n\n<img data-opt-id=220920122  fetchpriority=\"high\" decoding=\"async\" class=\"bde-image2-1635-110 bde-image2\" src=\"https:\/\/mlbn7phfehel.i.optimole.com\/cb:3E4p.555\/w:auto\/h:auto\/q:mauto\/f:best\/https:\/\/palazzobrenzoni.it\/wp-content\/uploads\/2025\/10\/Residence-Duomo-086.webp\" loading=\"lazy\" srcset=\"https:\/\/mlbn7phfehel.i.optimole.com\/cb:3E4p.555\/w:auto\/h:auto\/q:mauto\/f:best\/https:\/\/palazzobrenzoni.it\/wp-content\/uploads\/2025\/10\/Residence-Duomo-086.webp 1280w, https:\/\/mlbn7phfehel.i.optimole.com\/cb:3E4p.555\/w:200\/h:300\/q:mauto\/f:best\/https:\/\/palazzobrenzoni.it\/wp-content\/uploads\/2025\/10\/Residence-Duomo-086.webp 200w, https:\/\/mlbn7phfehel.i.optimole.com\/cb:3E4p.555\/w:683\/h:1024\/q:mauto\/f:best\/https:\/\/palazzobrenzoni.it\/wp-content\/uploads\/2025\/10\/Residence-Duomo-086.webp 683w, https:\/\/mlbn7phfehel.i.optimole.com\/cb:3E4p.555\/w:768\/h:1152\/q:mauto\/f:best\/https:\/\/palazzobrenzoni.it\/wp-content\/uploads\/2025\/10\/Residence-Duomo-086.webp 768w, https:\/\/mlbn7phfehel.i.optimole.com\/cb:3E4p.555\/w:1024\/h:1536\/q:mauto\/f:best\/https:\/\/palazzobrenzoni.it\/wp-content\/uploads\/2025\/10\/Residence-Duomo-086.webp 1024w, https:\/\/mlbn7phfehel.i.optimole.com\/cb:3E4p.555\/w:8\/h:12\/q:mauto\/f:best\/dpr:2\/https:\/\/palazzobrenzoni.it\/wp-content\/uploads\/2025\/10\/Residence-Duomo-086.webp 8w\" sizes=\"(max-width: 1280px) 100vw, 1280px\"><div class=\"bde-text-1635-111 bde-text\">\nIm \u00f6sterreichischen Grundbuch von 1847 wird der Palast als Eigentum des Grafen Lodovico Brenzoni, Sohn von Agostino, aufgef\u00fchrt. Nur wenige Jahre sp\u00e4ter, im Jahr 1856, wurde der Congregazione dell'Ornato ein Projekt f\u00fcr den Umbau der Fassade vorgelegt, das von Francesco Fusari, Stadtarchivar und Verwandter der Familie Brenzoni, unterzeichnet war.<br><br>Zu Beginn des 20. Jahrhunderts, bei der Volksz\u00e4hlung von 1920, ist das Anwesen im Besitz der Gr\u00e4fin Guarienti, Witwe Brenzoni.<br><br>Das j\u00fcngste Kapitel wurde 2013 aufgeschlagen, als der Palazzo von den heutigen Eigent\u00fcmern erworben und einer umfassenden konservativen Restaurierung unterzogen wurde. Bei den Arbeiten wurden wertvolle Spuren aus dem 14. Jahrhundert freigelegt, darunter dekorative Fragmente, eine Holzdecke mit bemalten Dielen und andere historische Zeugnisse, die heute zum einzigartigen Charme der Residenz beitragen.\n<\/div><img data-opt-id=220920122  data-opt-src=\"https:\/\/mlbn7phfehel.i.optimole.com\/cb:3E4p.555\/w:auto\/h:auto\/q:mauto\/f:best\/https:\/\/palazzobrenzoni.it\/wp-content\/uploads\/2025\/10\/Residence-Duomo-086.webp\"  decoding=\"async\" class=\"bde-image2-1635-112 bde-image2\" src=\"data:image/svg+xml,%3Csvg%20viewBox%3D%220%200%20100%%20100%%22%20width%3D%22100%%22%20height%3D%22100%%22%20xmlns%3D%22http%3A%2F%2Fwww.w3.org%2F2000%2Fsvg%22%3E%3Crect%20width%3D%22100%%22%20height%3D%22100%%22%20fill%3D%22transparent%22%2F%3E%3C%2Fsvg%3E\" loading=\"lazy\" old-srcset=\"https:\/\/mlbn7phfehel.i.optimole.com\/cb:3E4p.555\/w:auto\/h:auto\/q:mauto\/f:best\/https:\/\/palazzobrenzoni.it\/wp-content\/uploads\/2025\/10\/Residence-Duomo-086.webp 1280w, https:\/\/mlbn7phfehel.i.optimole.com\/cb:3E4p.555\/w:200\/h:300\/q:mauto\/f:best\/https:\/\/palazzobrenzoni.it\/wp-content\/uploads\/2025\/10\/Residence-Duomo-086.webp 200w, https:\/\/mlbn7phfehel.i.optimole.com\/cb:3E4p.555\/w:683\/h:1024\/q:mauto\/f:best\/https:\/\/palazzobrenzoni.it\/wp-content\/uploads\/2025\/10\/Residence-Duomo-086.webp 683w, https:\/\/mlbn7phfehel.i.optimole.com\/cb:3E4p.555\/w:768\/h:1152\/q:mauto\/f:best\/https:\/\/palazzobrenzoni.it\/wp-content\/uploads\/2025\/10\/Residence-Duomo-086.webp 768w, https:\/\/mlbn7phfehel.i.optimole.com\/cb:3E4p.555\/w:1024\/h:1536\/q:mauto\/f:best\/https:\/\/palazzobrenzoni.it\/wp-content\/uploads\/2025\/10\/Residence-Duomo-086.webp 1024w, https:\/\/mlbn7phfehel.i.optimole.com\/cb:3E4p.555\/w:8\/h:12\/q:mauto\/f:best\/dpr:2\/https:\/\/palazzobrenzoni.it\/wp-content\/uploads\/2025\/10\/Residence-Duomo-086.webp 8w\">\n<\/div><\/div><\/div>\n<\/section>","protected":false},"excerpt":{"rendered":"<p>La storia di Palazzo Brenzoni La storia dell&#8217;edificio La storia di Palazzo Brenzoni si inserisce nel ricco panorama dell\u2019edilizia residenziale veronese del tardo Medioevo e del primo Rinascimento. Le sue origini sembrano risalire al XIV secolo, quando nella zona di via Duomo sorgevano le prime strutture riconducibili all\u2019attuale edificio.Le prime testimonianze documentate compaiono nel 1755, [&hellip;]<\/p>\n","protected":false},"author":2,"featured_media":0,"parent":0,"menu_order":0,"comment_status":"closed","ping_status":"closed","template":"","meta":{"_breakdance_hide_in_design_set":false,"_breakdance_tags":"","footnotes":""},"class_list":["post-1635","page","type-page","status-publish","hentry"],"_links":{"self":[{"href":"https:\/\/palazzobrenzoni.it\/de\/wp-json\/wp\/v2\/pages\/1635","targetHints":{"allow":["GET"]}}],"collection":[{"href":"https:\/\/palazzobrenzoni.it\/de\/wp-json\/wp\/v2\/pages"}],"about":[{"href":"https:\/\/palazzobrenzoni.it\/de\/wp-json\/wp\/v2\/types\/page"}],"author":[{"embeddable":true,"href":"https:\/\/palazzobrenzoni.it\/de\/wp-json\/wp\/v2\/users\/2"}],"replies":[{"embeddable":true,"href":"https:\/\/palazzobrenzoni.it\/de\/wp-json\/wp\/v2\/comments?post=1635"}],"version-history":[{"count":8,"href":"https:\/\/palazzobrenzoni.it\/de\/wp-json\/wp\/v2\/pages\/1635\/revisions"}],"predecessor-version":[{"id":1750,"href":"https:\/\/palazzobrenzoni.it\/de\/wp-json\/wp\/v2\/pages\/1635\/revisions\/1750"}],"wp:attachment":[{"href":"https:\/\/palazzobrenzoni.it\/de\/wp-json\/wp\/v2\/media?parent=1635"}],"curies":[{"name":"wp","href":"https:\/\/api.w.org\/{rel}","templated":true}]}}